{"id":862,"date":"2011-09-23T15:15:41","date_gmt":"2011-09-23T15:15:41","guid":{"rendered":"http:\/\/rttheme18.demo-rt.com\/?page_id=5"},"modified":"2021-01-11T16:02:55","modified_gmt":"2021-01-11T13:02:55","slug":"hakkimizda","status":"publish","type":"page","link":"https:\/\/btafbearings.com\/index.php\/hakkimizda\/","title":{"rendered":"Hakk\u0131m\u0131zda"},"content":{"rendered":"<p><img decoding=\"async\" loading=\"lazy\" class=\"alignleft wp-image-2548 size-medium\" src=\"http:\/\/btafbearings.com\/wp-content\/uploads\/2021\/01\/btafbtaf-300x123.jpg\" alt=\"\" width=\"300\" height=\"123\" srcset=\"https:\/\/btafbearings.com\/wp-content\/uploads\/2021\/01\/btafbtaf-300x123.jpg 300w, https:\/\/btafbearings.com\/wp-content\/uploads\/2021\/01\/btafbtaf.jpg 759w\" sizes=\"(max-width: 300px) 100vw, 300px\" \/><\/p>\n<div>De\u011ferli Dostlar\u0131m\u0131z,<\/div>\n<div><\/div>\n<div>BTAF Plastik Rulman sekt\u00f6r\u00fcnde faaliyet g\u00f6steren , sekt\u00f6r\u00fcn \u00f6nde gelen kurulu\u015flar\u0131 aras\u0131nda yer almaktad\u0131r.<\/div>\n<div><\/div>\n<div>BTAF Plastik Rulman \u00fcretimi \u00a0konusunda hizmet vermektedir. G\u00f6z\u00fcn\u00fc ufuklara diken ve hi\u00e7 a\u015fa\u011f\u0131ya indirmeyen hep ileri, daima ileri prensibiyle hareket eden firmam\u0131z \u00a0hizmetlerini daha iyi seviyeye \u00e7\u0131karabilmek i\u00e7in var g\u00fcc\u00fcyle \u00e7al\u0131\u015fmalar\u0131na devam etmektedir.<\/div>\n<div><\/div>\n<div>Her zaman \u00fclke sanayicisinin tevecc\u00fchlerine mazhar olan kurulu\u015fumuz sunmu\u015f oldu\u011fu \u00fcr\u00fcn ve hizmet baz\u0131ndaki sunumunu tekrar tekrar g\u00f6zden ge\u00e7irerek her ge\u00e7en g\u00fcn daha fazla iyile\u015ftirmek ve sizlerin bize olan g\u00fcvenlerini bo\u015f \u00e7\u0131karmamak ad\u0131na azami gayret sarf etmektedir.<\/div>\n<div><\/div>\n<div><strong>VIZYONUMUZ<\/strong><\/div>\n<div><\/div>\n<div>Btaf Plastik Rulman\u00a0 T\u00fcrkiye pazar\u0131ndaki pay\u0131n\u0131 her ge\u00e7en g\u00fcn artt\u0131racak \u015firketin sonsuza kadar devam\u0131n\u0131 temin etmeyi ,bunun yan\u0131 s\u0131ra nihai hedef olarak da &#8220;rulman imalat\u0131n\u0131&#8221; kendine hedef se\u00e7mi\u015ftir.<\/div>\n<div><\/div>\n<div><strong>MiSYONUMUZ<\/strong><\/div>\n<div><\/div>\n<div>T\u00fcrkiye \u00e7ap\u0131nda rulman \u00fcretimini \u00a0ifade ederken, \u0130stanbul&#8217;da ve \u015fubesi olan illerde t\u00fcm k\u00fc\u00e7\u00fck, orta ve b\u00fcy\u00fck \u00e7aptaki sanayi kurulu\u015flar\u0131n\u0131 ve ayni zamanda t\u00fcm meslekta\u015flar\u0131n\u0131 hedef kitle olarak g\u00f6r\u00fcr. Ancak, \u0130stanbul ve \u015fubesi olan iller d\u0131\u015f\u0131ndaki yerlerde k\u00fc\u00e7\u00fck ve orta boy sanayi kurulu\u015flar\u0131 BTAF Plastik Rulman\u00a0 sat\u0131\u015f hedefi de\u011fildir \u00c7\u00fcnk\u00fc , BTAF Plastik Rulman\u00a0 , bu illerdeki t\u00fcm yurttan al\u0131m yapan b\u00fcy\u00fck sanayi kurulu\u015flar\u0131n\u0131 hedefler. K\u00fc\u00e7\u00fck ve orta \u00e7aptaki sanayi kurulu\u015flar\u0131na mal satmak yerine; o illerdeki meslekta\u015flar\u0131na mal satar ve \u00fcr\u00fcn\u00fcn bu \u00e7aptaki firmalara bu meslekta\u015flar\u0131 vas\u0131tas\u0131yla ula\u015ft\u0131r\u0131r.<\/div>\n<div><\/div>\n<div><strong>\u0130LKELER\u0130M\u0130Z<\/strong><\/div>\n<div><\/div>\n<div>BTAF Plastik Rulman\u00a0 \u00a0T\u00fcrkiye Cumhuriyeti s\u0131n\u0131rlar\u0131 i\u00e7erisinde kanunlar muhaceresinde i\u015flevlerini tamamlar .M\u00fc\u015fteri memnuniyeti temel esast\u0131r. \u00c7al\u0131\u015fma, d\u00fcr\u00fcstl\u00fck temel \u015fart oldu\u011fu gibi bunlar yan\u0131 s\u0131ra y\u00fcksek performans \u015firketimizce \u00f6d\u00fcllendirilir. BTAF Plastik Rulman&#8217;i olu\u015fturan bireyler ba\u015fta birbirlerine, daha sonra b\u00fcnye d\u0131\u015f\u0131ndaki herkese kar\u015f\u0131 da son derece ho\u015fg\u00f6r\u00fcl\u00fc, g\u00fcler y\u00fczl\u00fc ve sayg\u0131l\u0131d\u0131rlar .<\/div>\n<div><\/div>\n<div><strong>KAL\u0130TE POL\u0130T\u0130KAMIZ<\/strong><\/div>\n<div><\/div>\n<div>M\u00fc\u015fterilerimizden akan bilgileri rehber almak \u00fczere \u00fcr\u00fcn ve hizmet baz\u0131ndaki kaliteyi tekrar ve tekrar etkili bir \u015fekilde g\u00f6zden ge\u00e7irerek s\u00fcrekli iyile\u015ftirmek ve bu g\u00f6zden ge\u00e7irmeyi hi\u00e7 b\u0131kmadan tekrarlayarak m\u00fckemmele do\u011fru ko\u015fmak, m\u00fc\u015fteri memnuniyetini en \u00fcst seviyeye \u00e7\u0131kartmak temel ilkemizdir.<\/div>\n<div><\/div>\n<div><\/div>\n<div>Rulman sekt\u00f6r\u00fcnde faaliyet g\u00f6steren \u00a0kurulu\u015fumuzun at\u0131l\u0131mlar\u0131 devam edecek, hizmeti aral\u0131ks\u0131z s\u00fcrecektir. Sizlerinde her zaman oldu\u011fu gibi tevecc\u00fchlerinizle bizleri \u00f6d\u00fcllendirmeye devam edece\u011finizden emin oldu\u011fumuzu bir kez daha beyan eder, t\u00fcm dostlar\u0131m\u0131za \u00f6nce s\u0131hat ve afiyet sonrada bol kazan\u00e7l\u0131 g\u00fcnler dileriz.<\/div>\n<div><\/div>\n<div>Sayg\u0131lar\u0131m\u0131zla<\/div>\n<div><\/div>\n<div>BTAF PLAST\u0130K RULMAN<\/div>\n","protected":false},"excerpt":{"rendered":"<p>De\u011ferli Dostlar\u0131m\u0131z, BTAF Plastik Rulman sekt\u00f6r\u00fcnde faaliyet g\u00f6steren , sekt\u00f6r\u00fcn \u00f6nde gelen kurulu\u015flar\u0131 aras\u0131nda yer almaktad\u0131r. BTAF Plastik Rulman \u00fcretimi \u00a0konusunda hizmet vermektedir. G\u00f6z\u00fcn\u00fc ufuklara diken ve hi\u00e7 a\u015fa\u011f\u0131ya indirmeyen hep ileri, daima ileri prensibiyle hareket eden firmam\u0131z \u00a0hizmetlerini daha iyi seviyeye \u00e7\u0131karabilmek i\u00e7in var g\u00fcc\u00fcyle \u00e7al\u0131\u015fmalar\u0131na devam etmektedir. Her zaman \u00fclke sanayicisinin tevecc\u00fchlerine mazhar [&hellip;]<\/p>\n","protected":false},"author":1,"featured_media":0,"parent":0,"menu_order":0,"comment_status":"open","ping_status":"open","template":"","meta":[],"yoast_head":"<!-- This site is optimized with the Yoast SEO plugin v15.5 - https:\/\/yoast.com\/wordpress\/plugins\/seo\/ -->\n<title>Hakk\u0131m\u0131zda - Plastik Rulman<\/title>\n<meta name=\"robots\" content=\"index, follow, max-snippet:-1, max-image-preview:large, max-video-preview:-1\" \/>\n<link rel=\"canonical\" href=\"https:\/\/btafbearings.com\/index.php\/hakkimizda\/\" \/>\n<meta property=\"og:locale\" content=\"tr_TR\" \/>\n<meta property=\"og:type\" content=\"article\" \/>\n<meta property=\"og:title\" content=\"Hakk\u0131m\u0131zda - Plastik Rulman\" \/>\n<meta property=\"og:description\" content=\"De\u011ferli Dostlar\u0131m\u0131z, BTAF Plastik Rulman sekt\u00f6r\u00fcnde faaliyet g\u00f6steren , sekt\u00f6r\u00fcn \u00f6nde gelen kurulu\u015flar\u0131 aras\u0131nda yer almaktad\u0131r. BTAF Plastik Rulman \u00fcretimi \u00a0konusunda hizmet vermektedir. G\u00f6z\u00fcn\u00fc ufuklara diken ve hi\u00e7 a\u015fa\u011f\u0131ya indirmeyen hep ileri, daima ileri prensibiyle hareket eden firmam\u0131z \u00a0hizmetlerini daha iyi seviyeye \u00e7\u0131karabilmek i\u00e7in var g\u00fcc\u00fcyle \u00e7al\u0131\u015fmalar\u0131na devam etmektedir. Her zaman \u00fclke sanayicisinin tevecc\u00fchlerine mazhar [&hellip;]\" \/>\n<meta property=\"og:url\" content=\"https:\/\/btafbearings.com\/index.php\/hakkimizda\/\" \/>\n<meta property=\"og:site_name\" content=\"Plastik Rulman\" \/>\n<meta property=\"article:modified_time\" content=\"2021-01-11T13:02:55+00:00\" \/>\n<meta property=\"og:image\" content=\"http:\/\/btafbearings.com\/wp-content\/uploads\/2021\/01\/btafbtaf-300x123.jpg\" \/>\n<meta name=\"twitter:card\" content=\"summary_large_image\" \/>\n<meta name=\"twitter:label1\" content=\"Tahmini okuma s\u00fcresi\">\n\t<meta name=\"twitter:data1\" content=\"2 dakika\">\n<script type=\"application\/ld+json\" class=\"yoast-schema-graph\">{\"@context\":\"https:\/\/schema.org\",\"@graph\":[{\"@type\":\"WebSite\",\"@id\":\"https:\/\/btafbearings.com\/#website\",\"url\":\"https:\/\/btafbearings.com\/\",\"name\":\"Plastik Rulman\",\"description\":\"Plastik Rulman\",\"potentialAction\":[{\"@type\":\"SearchAction\",\"target\":\"https:\/\/btafbearings.com\/?s={search_term_string}\",\"query-input\":\"required name=search_term_string\"}],\"inLanguage\":\"tr\"},{\"@type\":\"ImageObject\",\"@id\":\"https:\/\/btafbearings.com\/index.php\/hakkimizda\/#primaryimage\",\"inLanguage\":\"tr\",\"url\":\"http:\/\/btafbearings.com\/wp-content\/uploads\/2021\/01\/btafbtaf-300x123.jpg\"},{\"@type\":\"WebPage\",\"@id\":\"https:\/\/btafbearings.com\/index.php\/hakkimizda\/#webpage\",\"url\":\"https:\/\/btafbearings.com\/index.php\/hakkimizda\/\",\"name\":\"Hakk\\u0131m\\u0131zda - Plastik Rulman\",\"isPartOf\":{\"@id\":\"https:\/\/btafbearings.com\/#website\"},\"primaryImageOfPage\":{\"@id\":\"https:\/\/btafbearings.com\/index.php\/hakkimizda\/#primaryimage\"},\"datePublished\":\"2011-09-23T15:15:41+00:00\",\"dateModified\":\"2021-01-11T13:02:55+00:00\",\"inLanguage\":\"tr\",\"potentialAction\":[{\"@type\":\"ReadAction\",\"target\":[\"https:\/\/btafbearings.com\/index.php\/hakkimizda\/\"]}]}]}<\/script>\n<!-- \/ Yoast SEO plugin. -->","_links":{"self":[{"href":"https:\/\/btafbearings.com\/index.php\/wp-json\/wp\/v2\/pages\/862"}],"collection":[{"href":"https:\/\/btafbearings.com\/index.php\/wp-json\/wp\/v2\/pages"}],"about":[{"href":"https:\/\/btafbearings.com\/index.php\/wp-json\/wp\/v2\/types\/page"}],"author":[{"embeddable":true,"href":"https:\/\/btafbearings.com\/index.php\/wp-json\/wp\/v2\/users\/1"}],"replies":[{"embeddable":true,"href":"https:\/\/btafbearings.com\/index.php\/wp-json\/wp\/v2\/comments?post=862"}],"version-history":[{"count":6,"href":"https:\/\/btafbearings.com\/index.php\/wp-json\/wp\/v2\/pages\/862\/revisions"}],"predecessor-version":[{"id":2549,"href":"https:\/\/btafbearings.com\/index.php\/wp-json\/wp\/v2\/pages\/862\/revisions\/2549"}],"wp:attachment":[{"href":"https:\/\/btafbearings.com\/index.php\/wp-json\/wp\/v2\/media?parent=862"}],"curies":[{"name":"wp","href":"https:\/\/api.w.org\/{rel}","templated":true}]}}